{"id":5350,"date":"2025-10-20T12:48:44","date_gmt":"2025-10-20T12:48:44","guid":{"rendered":"https:\/\/dialogintelligens.dk\/dialogintelligen\/?page_id=5350"},"modified":"2025-12-10T10:50:01","modified_gmt":"2025-12-10T10:50:01","slug":"kunde-cases","status":"publish","type":"page","link":"https:\/\/dialogintelligens.dk\/no\/kunde-cases\/","title":{"rendered":"Kunde Cases"},"content":{"rendered":"<div data-elementor-type=\"wp-page\" data-elementor-id=\"5350\" class=\"elementor elementor-5350\" data-elementor-post-type=\"page\">\n\t\t\t\t<div class=\"elementor-element elementor-element-0f5ba7c hero-section  e-flex e-con-boxed e-con e-parent\" data-id=\"0f5ba7c\" data-element_type=\"container\" data-settings=\"{&quot;background_background&quot;:&quot;classic&quot;}\">\n\t\t\t\t\t<div class=\"e-con-inner\">\n\t\t\t\t<div class=\"elementor-element elementor-element-c3a356f reveal reveal-bottom elementor-widget elementor-widget-html\" data-id=\"c3a356f\" data-element_type=\"widget\" data-widget_type=\"html.default\">\n\t\t\t\t<div class=\"elementor-widget-container\">\n\t\t\t\t\t<h1 style=\"font-size: 78px; font-weight: 700; line-height: 1.2; margin:0px; color: #ffffff; text-align:center;\">\r\n  Kunde<span style=\"color:#5C94ED;;\">cases<\/span>\r\n<\/h1>\t\t\t\t<\/div>\n\t\t\t\t<\/div>\n\t\t\t\t<div class=\"elementor-element elementor-element-49423b8 reveal reveal-bottom elementor-widget elementor-widget-text-editor\" data-id=\"49423b8\" data-element_type=\"widget\" data-widget_type=\"text-editor.default\">\n\t\t\t\t<div class=\"elementor-widget-container\">\n\t\t\t\t\t\t\t\t\t<p>Se hvordan f\u00f8rende virksomheder har transformeret deres e-<br \/>commerce og kundeservice med vores AI-l\u00f8sninger<\/p>\t\t\t\t\t\t\t\t<\/div>\n\t\t\t\t<\/div>\n\t\t<div class=\"elementor-element elementor-element-06ac292 elementor-hidden-tablet elementor-hidden-mobile e-flex e-con-boxed e-con e-child\" data-id=\"06ac292\" data-element_type=\"container\">\n\t\t\t\t\t<div class=\"e-con-inner\">\n\t\t<div class=\"elementor-element elementor-element-4c1c63a e-con-full reveal reveal-bottom e-flex e-con e-child\" data-id=\"4c1c63a\" data-element_type=\"container\">\n\t\t\t\t<div class=\"elementor-element elementor-element-58e2cb9 imagefloat elementor-widget elementor-widget-image\" data-id=\"58e2cb9\" data-element_type=\"widget\" data-widget_type=\"image.default\">\n\t\t\t\t<div class=\"elementor-widget-container\">\n\t\t\t\t\t\t\t\t\t\t\t\t\t\t\t<img decoding=\"async\" width=\"223\" height=\"221\" src=\"https:\/\/dialogintelligens.dk\/wp-content\/uploads\/2025\/11\/Group-38.svg\" class=\"attachment-large size-large wp-image-8510\" alt=\"\" \/>\t\t\t\t\t\t\t\t\t\t\t\t\t\t\t<\/div>\n\t\t\t\t<\/div>\n\t\t\t\t<div class=\"elementor-element elementor-element-e656749 elementor-widget elementor-widget-image-box\" data-id=\"e656749\" data-element_type=\"widget\" data-widget_type=\"image-box.default\">\n\t\t\t\t<div class=\"elementor-widget-container\">\n\t\t\t\t\t<div class=\"elementor-image-box-wrapper\"><div class=\"elementor-image-box-content\"><h3 class=\"elementor-image-box-title\">500K+<\/h3><p class=\"elementor-image-box-description\">Samtaler h\u00e5ndteret p\u00e5 tv\u00e6rs af Nordiske ecommerce kunder<\/p><\/div><\/div>\t\t\t\t<\/div>\n\t\t\t\t<\/div>\n\t\t\t\t<\/div>\n\t\t<div class=\"elementor-element elementor-element-d33fd92 e-con-full reveal reveal-bottom e-flex e-con e-child\" data-id=\"d33fd92\" data-element_type=\"container\">\n\t\t\t\t<div class=\"elementor-element elementor-element-264926f imagefloat elementor-widget elementor-widget-image\" data-id=\"264926f\" data-element_type=\"widget\" data-widget_type=\"image.default\">\n\t\t\t\t<div class=\"elementor-widget-container\">\n\t\t\t\t\t\t\t\t\t\t\t\t\t\t\t<img decoding=\"async\" width=\"223\" height=\"221\" src=\"https:\/\/dialogintelligens.dk\/wp-content\/uploads\/2025\/11\/Group-39.svg\" class=\"attachment-large size-large wp-image-8512\" alt=\"\" \/>\t\t\t\t\t\t\t\t\t\t\t\t\t\t\t<\/div>\n\t\t\t\t<\/div>\n\t\t\t\t<div class=\"elementor-element elementor-element-e8e36de elementor-widget elementor-widget-image-box\" data-id=\"e8e36de\" data-element_type=\"widget\" data-widget_type=\"image-box.default\">\n\t\t\t\t<div class=\"elementor-widget-container\">\n\t\t\t\t\t<div class=\"elementor-image-box-wrapper\"><div class=\"elementor-image-box-content\"><h3 class=\"elementor-image-box-title\">Op til 80%<\/h3><p class=\"elementor-image-box-description\"> besparelser i kundeservice og minimum 33% blandt alle de cases, vi har data fra<\/p><\/div><\/div>\t\t\t\t<\/div>\n\t\t\t\t<\/div>\n\t\t\t\t<\/div>\n\t\t<div class=\"elementor-element elementor-element-3b34c0e e-con-full reveal reveal-bottom e-flex e-con e-child\" data-id=\"3b34c0e\" data-element_type=\"container\">\n\t\t\t\t<div class=\"elementor-element elementor-element-e8bd33a imagefloat elementor-widget elementor-widget-image\" data-id=\"e8bd33a\" data-element_type=\"widget\" data-widget_type=\"image.default\">\n\t\t\t\t<div class=\"elementor-widget-container\">\n\t\t\t\t\t\t\t\t\t\t\t\t\t\t\t<img decoding=\"async\" width=\"223\" height=\"221\" src=\"https:\/\/dialogintelligens.dk\/wp-content\/uploads\/2025\/11\/Group-40.svg\" class=\"attachment-large size-large wp-image-8511\" alt=\"\" \/>\t\t\t\t\t\t\t\t\t\t\t\t\t\t\t<\/div>\n\t\t\t\t<\/div>\n\t\t\t\t<div class=\"elementor-element elementor-element-1628171 elementor-widget elementor-widget-image-box\" data-id=\"1628171\" data-element_type=\"widget\" data-widget_type=\"image-box.default\">\n\t\t\t\t<div class=\"elementor-widget-container\">\n\t\t\t\t\t<div class=\"elementor-image-box-wrapper\"><div class=\"elementor-image-box-content\"><h3 class=\"elementor-image-box-title\">Op til 29% <\/h3><p class=\"elementor-image-box-description\">af vores kundedialog ender i check-out fordi kunderne f\u00e5r kompetente produktsvar <\/p><\/div><\/div>\t\t\t\t<\/div>\n\t\t\t\t<\/div>\n\t\t\t\t<\/div>\n\t\t\t\t\t<\/div>\n\t\t\t\t<\/div>\n\t\t\t\t<div class=\"elementor-element elementor-element-6f08620 elementor-widget elementor-widget-text-editor\" data-id=\"6f08620\" data-element_type=\"widget\" data-widget_type=\"text-editor.default\">\n\t\t\t\t<div class=\"elementor-widget-container\">\n\t\t\t\t\t\t\t\t\t<p><em>Resultaterne ovenfor kommer fra datadrevne, e-commerce-specifikke AI-l\u00f8sninger, der hj\u00e6lper vores kunder med at s\u00e6lge mere og skalere uden at h\u00e6ve supportomkostningerne.<\/em><\/p>\t\t\t\t\t\t\t\t<\/div>\n\t\t\t\t<\/div>\n\t\t\t\t\t<\/div>\n\t\t\t\t<\/div>\n\t\t<div class=\"elementor-element elementor-element-6a3dbb1 e-flex e-con-boxed e-con e-parent\" data-id=\"6a3dbb1\" data-element_type=\"container\" data-settings=\"{&quot;background_background&quot;:&quot;classic&quot;}\">\n\t\t\t\t\t<div class=\"e-con-inner\">\n\t\t<div class=\"elementor-element elementor-element-8fddba5 e-con-full e-flex e-con e-child\" data-id=\"8fddba5\" data-element_type=\"container\" data-settings=\"{&quot;background_background&quot;:&quot;classic&quot;}\">\n\t\t\t\t<div class=\"elementor-element elementor-element-139222a reveal reveal-bottom elementor-widget elementor-widget-html\" data-id=\"139222a\" data-element_type=\"widget\" data-widget_type=\"html.default\">\n\t\t\t\t<div class=\"elementor-widget-container\">\n\t\t\t\t\t<h3 style=\"font-size: 36px; font-weight: 700;  color: #131A33; text-align:center; margin:0px; font-family:geist bold\">\r\n Betroet af <span style=\"color:#2B5289\">f\u00f8rende skandinaviske brands\r\n<\/span>\r\n<\/h3>\t\t\t\t<\/div>\n\t\t\t\t<\/div>\n\t\t\t\t<div class=\"elementor-element elementor-element-2caa1b6 reveal reveal-bottom elementor-invisible elementor-widget elementor-widget-text-editor\" data-id=\"2caa1b6\" data-element_type=\"widget\" data-settings=\"{&quot;_animation&quot;:&quot;slideInUp&quot;}\" data-widget_type=\"text-editor.default\">\n\t\t\t\t<div class=\"elementor-widget-container\">\n\t\t\t\t\t\t\t\t\t<p>Fra fashion til hardware &#8211; vores AI-l\u00f8sninger driver v\u00e6kst hos nordens mest innovative e-commerce virksomheder<\/p>\t\t\t\t\t\t\t\t<\/div>\n\t\t\t\t<\/div>\n\t\t<div class=\"elementor-element elementor-element-7f09a88 e-con-full revea reveal-bottom e-flex e-con e-child\" data-id=\"7f09a88\" data-element_type=\"container\">\n\t\t<div class=\"elementor-element elementor-element-8abee7b e-con-full e-flex e-con e-child\" data-id=\"8abee7b\" data-element_type=\"container\" data-settings=\"{&quot;background_background&quot;:&quot;classic&quot;}\">\n\t\t\t\t<div class=\"elementor-element elementor-element-51fb571 imagezoom elementor-widget elementor-widget-image\" data-id=\"51fb571\" data-element_type=\"widget\" data-widget_type=\"image.default\">\n\t\t\t\t<div class=\"elementor-widget-container\">\n\t\t\t\t\t\t\t\t\t\t\t\t\t\t\t\t<a href=\"https:\/\/humac.dk\/\" target=\"_blank\" rel=\"noopener\">\n\t\t\t\t\t\t\t<img loading=\"lazy\" decoding=\"async\" width=\"800\" height=\"203\" src=\"https:\/\/dialogintelligens.dk\/wp-content\/uploads\/2025\/10\/humac-logo-final-2024x514.png\" class=\"attachment-large size-large wp-image-4968\" alt=\"\" srcset=\"https:\/\/dialogintelligens.dk\/wp-content\/uploads\/2025\/10\/humac-logo-final-2024x514.png 2024w, https:\/\/dialogintelligens.dk\/wp-content\/uploads\/2025\/10\/humac-logo-final-768x195.png 768w, https:\/\/dialogintelligens.dk\/wp-content\/uploads\/2025\/10\/humac-logo-final-1536x390.png 1536w, https:\/\/dialogintelligens.dk\/wp-content\/uploads\/2025\/10\/humac-logo-final-2048x520.png 2048w\" sizes=\"(max-width: 800px) 100vw, 800px\" \/>\t\t\t\t\t\t\t\t<\/a>\n\t\t\t\t\t\t\t\t\t\t\t\t\t\t\t<\/div>\n\t\t\t\t<\/div>\n\t\t\t\t<\/div>\n\t\t<div class=\"elementor-element elementor-element-f589a55 e-con-full e-flex e-con e-child\" data-id=\"f589a55\" data-element_type=\"container\" data-settings=\"{&quot;background_background&quot;:&quot;classic&quot;}\">\n\t\t\t\t<div class=\"elementor-element elementor-element-3d86793 imagezoom elementor-widget elementor-widget-image\" data-id=\"3d86793\" data-element_type=\"widget\" data-widget_type=\"image.default\">\n\t\t\t\t<div class=\"elementor-widget-container\">\n\t\t\t\t\t\t\t\t\t\t\t\t\t\t\t\t<a href=\"https:\/\/bodylab.dk\/\" target=\"_blank\" rel=\"noopener\">\n\t\t\t\t\t\t\t<img loading=\"lazy\" decoding=\"async\" width=\"800\" height=\"287\" src=\"https:\/\/dialogintelligens.dk\/wp-content\/uploads\/2025\/10\/bodylab-logo.png\" class=\"attachment-large size-large wp-image-4969\" alt=\"\" srcset=\"https:\/\/dialogintelligens.dk\/wp-content\/uploads\/2025\/10\/bodylab-logo.png 833w, https:\/\/dialogintelligens.dk\/wp-content\/uploads\/2025\/10\/bodylab-logo-768x276.png 768w\" sizes=\"(max-width: 800px) 100vw, 800px\" \/>\t\t\t\t\t\t\t\t<\/a>\n\t\t\t\t\t\t\t\t\t\t\t\t\t\t\t<\/div>\n\t\t\t\t<\/div>\n\t\t\t\t<\/div>\n\t\t<div class=\"elementor-element elementor-element-ddbc682 e-con-full e-flex e-con e-child\" data-id=\"ddbc682\" data-element_type=\"container\" data-settings=\"{&quot;background_background&quot;:&quot;classic&quot;}\">\n\t\t\t\t<div class=\"elementor-element elementor-element-39fae9b imagezoom elementor-widget elementor-widget-image\" data-id=\"39fae9b\" data-element_type=\"widget\" data-widget_type=\"image.default\">\n\t\t\t\t<div class=\"elementor-widget-container\">\n\t\t\t\t\t\t\t\t\t\t\t\t\t\t\t\t<a href=\"https:\/\/intersport.dk\/\" target=\"_blank\" rel=\"noopener\">\n\t\t\t\t\t\t\t<img loading=\"lazy\" decoding=\"async\" width=\"800\" height=\"87\" src=\"https:\/\/dialogintelligens.dk\/wp-content\/uploads\/2025\/11\/Intersport_logo.svg-1-2024x221.png\" class=\"attachment-large size-large wp-image-9436\" alt=\"\" srcset=\"https:\/\/dialogintelligens.dk\/wp-content\/uploads\/2025\/11\/Intersport_logo.svg-1-2024x221.png 2024w, https:\/\/dialogintelligens.dk\/wp-content\/uploads\/2025\/11\/Intersport_logo.svg-1-768x84.png 768w, https:\/\/dialogintelligens.dk\/wp-content\/uploads\/2025\/11\/Intersport_logo.svg-1-1536x168.png 1536w, https:\/\/dialogintelligens.dk\/wp-content\/uploads\/2025\/11\/Intersport_logo.svg-1-2048x224.png 2048w\" sizes=\"(max-width: 800px) 100vw, 800px\" \/>\t\t\t\t\t\t\t\t<\/a>\n\t\t\t\t\t\t\t\t\t\t\t\t\t\t\t<\/div>\n\t\t\t\t<\/div>\n\t\t\t\t<\/div>\n\t\t<div class=\"elementor-element elementor-element-7e5b9b3 e-con-full e-flex e-con e-child\" data-id=\"7e5b9b3\" data-element_type=\"container\" data-settings=\"{&quot;background_background&quot;:&quot;classic&quot;}\">\n\t\t\t\t<div class=\"elementor-element elementor-element-4055900 imagezoom elementor-widget elementor-widget-image\" data-id=\"4055900\" data-element_type=\"widget\" data-widget_type=\"image.default\">\n\t\t\t\t<div class=\"elementor-widget-container\">\n\t\t\t\t\t\t\t\t\t\t\t\t\t\t\t\t<a href=\"https:\/\/dk.dilling.com\/\" target=\"_blank\" rel=\"noopener\">\n\t\t\t\t\t\t\t<img loading=\"lazy\" decoding=\"async\" width=\"503\" height=\"100\" src=\"https:\/\/dialogintelligens.dk\/wp-content\/uploads\/2025\/10\/dilling-logo.png\" class=\"attachment-large size-large wp-image-4971\" alt=\"\" \/>\t\t\t\t\t\t\t\t<\/a>\n\t\t\t\t\t\t\t\t\t\t\t\t\t\t\t<\/div>\n\t\t\t\t<\/div>\n\t\t\t\t<\/div>\n\t\t<div class=\"elementor-element elementor-element-524904d e-con-full e-flex e-con e-child\" data-id=\"524904d\" data-element_type=\"container\" data-settings=\"{&quot;background_background&quot;:&quot;classic&quot;}\">\n\t\t\t\t<div class=\"elementor-element elementor-element-d7be5f8 imagezoom elementor-widget elementor-widget-image\" data-id=\"d7be5f8\" data-element_type=\"widget\" data-widget_type=\"image.default\">\n\t\t\t\t<div class=\"elementor-widget-container\">\n\t\t\t\t\t\t\t\t\t\t\t\t\t\t\t\t<a href=\"https:\/\/skoringen.dk\/\" target=\"_blank\" rel=\"noopener\">\n\t\t\t\t\t\t\t<img loading=\"lazy\" decoding=\"async\" width=\"800\" height=\"151\" src=\"https:\/\/dialogintelligens.dk\/wp-content\/uploads\/2025\/10\/skoringen-logo-new.png\" class=\"attachment-large size-large wp-image-4970\" alt=\"\" srcset=\"https:\/\/dialogintelligens.dk\/wp-content\/uploads\/2025\/10\/skoringen-logo-new.png 1325w, https:\/\/dialogintelligens.dk\/wp-content\/uploads\/2025\/10\/skoringen-logo-new-768x145.png 768w\" sizes=\"(max-width: 800px) 100vw, 800px\" \/>\t\t\t\t\t\t\t\t<\/a>\n\t\t\t\t\t\t\t\t\t\t\t\t\t\t\t<\/div>\n\t\t\t\t<\/div>\n\t\t\t\t<\/div>\n\t\t<div class=\"elementor-element elementor-element-5fd6e7b e-con-full e-flex e-con e-child\" data-id=\"5fd6e7b\" data-element_type=\"container\" data-settings=\"{&quot;background_background&quot;:&quot;classic&quot;}\">\n\t\t\t\t<div class=\"elementor-element elementor-element-5b591ba imagezoom elementor-widget elementor-widget-image\" data-id=\"5b591ba\" data-element_type=\"widget\" data-widget_type=\"image.default\">\n\t\t\t\t<div class=\"elementor-widget-container\">\n\t\t\t\t\t\t\t\t\t\t\t\t\t\t\t\t<a href=\"https:\/\/washworld.dk\/\" target=\"_blank\" rel=\"noopener\">\n\t\t\t\t\t\t\t<img loading=\"lazy\" decoding=\"async\" width=\"800\" height=\"294\" src=\"https:\/\/dialogintelligens.dk\/wp-content\/uploads\/2025\/11\/vibholmlogo-2024x744.png\" class=\"attachment-large size-large wp-image-9480\" alt=\"\" srcset=\"https:\/\/dialogintelligens.dk\/wp-content\/uploads\/2025\/11\/vibholmlogo-2024x744.png 2024w, https:\/\/dialogintelligens.dk\/wp-content\/uploads\/2025\/11\/vibholmlogo-768x282.png 768w, https:\/\/dialogintelligens.dk\/wp-content\/uploads\/2025\/11\/vibholmlogo-1536x565.png 1536w, https:\/\/dialogintelligens.dk\/wp-content\/uploads\/2025\/11\/vibholmlogo-2048x753.png 2048w\" sizes=\"(max-width: 800px) 100vw, 800px\" \/>\t\t\t\t\t\t\t\t<\/a>\n\t\t\t\t\t\t\t\t\t\t\t\t\t\t\t<\/div>\n\t\t\t\t<\/div>\n\t\t\t\t<\/div>\n\t\t\t\t<\/div>\n\t\t\t\t<div class=\"elementor-element elementor-element-37c5546 elementor-widget elementor-widget-text-editor\" data-id=\"37c5546\" data-element_type=\"widget\" data-widget_type=\"text-editor.default\">\n\t\t\t\t<div class=\"elementor-widget-container\">\n\t\t\t\t\t\t\t\t\t<p>og flere til&#8230;<\/p>\t\t\t\t\t\t\t\t<\/div>\n\t\t\t\t<\/div>\n\t\t\t\t<\/div>\n\t\t\t\t\t<\/div>\n\t\t\t\t<\/div>\n\t\t<div class=\"elementor-element elementor-element-6c9754a e-flex e-con-boxed e-con e-parent\" data-id=\"6c9754a\" data-element_type=\"container\" data-settings=\"{&quot;background_background&quot;:&quot;classic&quot;}\">\n\t\t\t\t\t<div class=\"e-con-inner\">\n\t\t<div class=\"elementor-element elementor-element-99da337 e-con-full e-flex e-con e-child\" data-id=\"99da337\" data-element_type=\"container\" data-settings=\"{&quot;background_background&quot;:&quot;classic&quot;}\">\n\t\t\t\t<div class=\"elementor-element elementor-element-73a494b elementor-widget__width-initial elementor-widget-mobile__width-inherit elementor-widget elementor-widget-heading\" data-id=\"73a494b\" data-element_type=\"widget\" data-widget_type=\"heading.default\">\n\t\t\t\t<div class=\"elementor-widget-container\">\n\t\t\t\t\t<h2 class=\"elementor-heading-title elementor-size-default\">Klar til at blive vores n\u00e6ste succeshistorie?\n<\/h2>\t\t\t\t<\/div>\n\t\t\t\t<\/div>\n\t\t\t\t<div class=\"elementor-element elementor-element-6598311 elementor-widget__width-initial elementor-widget-mobile__width-inherit elementor-widget elementor-widget-text-editor\" data-id=\"6598311\" data-element_type=\"widget\" data-widget_type=\"text-editor.default\">\n\t\t\t\t<div class=\"elementor-widget-container\">\n\t\t\t\t\t\t\t\t\t<p>Book en uforpligtende konsultation og f\u00e5 et klart overblik over de forventede resultater for jeres virksomhed \u2013 og hvad der skal til for at komme i gang.<\/p>\t\t\t\t\t\t\t\t<\/div>\n\t\t\t\t<\/div>\n\t\t<div class=\"elementor-element elementor-element-bf589b5 e-con-full e-flex e-con e-child\" data-id=\"bf589b5\" data-element_type=\"container\">\n\t\t\t\t<div class=\"elementor-element elementor-element-bff442c e-transform elementor-widget elementor-widget-button\" data-id=\"bff442c\" data-element_type=\"widget\" data-settings=\"{&quot;_transform_scale_effect_hover&quot;:{&quot;unit&quot;:&quot;px&quot;,&quot;size&quot;:1.05,&quot;sizes&quot;:[]},&quot;_transform_scale_effect_hover_tablet&quot;:{&quot;unit&quot;:&quot;px&quot;,&quot;size&quot;:&quot;&quot;,&quot;sizes&quot;:[]},&quot;_transform_scale_effect_hover_mobile&quot;:{&quot;unit&quot;:&quot;px&quot;,&quot;size&quot;:&quot;&quot;,&quot;sizes&quot;:[]}}\" data-widget_type=\"button.default\">\n\t\t\t\t<div class=\"elementor-widget-container\">\n\t\t\t\t\t\t\t\t\t<div class=\"elementor-button-wrapper\">\n\t\t\t\t\t<a class=\"elementor-button elementor-button-link elementor-size-sm\" href=\"https:\/\/calendly.com\/team-dialogintelligens\/30min\" target=\"_blank\" rel=\"noopener\">\n\t\t\t\t\t\t<span class=\"elementor-button-content-wrapper\">\n\t\t\t\t\t\t<span class=\"elementor-button-icon\">\n\t\t\t\t<svg xmlns=\"http:\/\/www.w3.org\/2000\/svg\" width=\"24\" height=\"24\" viewbox=\"0 0 24 24\" fill=\"none\" stroke=\"currentColor\" stroke-width=\"2\" stroke-linecap=\"round\" stroke-linejoin=\"round\" class=\"lucide lucide-arrow-right ml-2 h-5 w-5 transition-transform duration-300 group-hover:translate-x-1\"><path d=\"M5 12h14\"><\/path><path d=\"m12 5 7 7-7 7\"><\/path><\/svg>\t\t\t<\/span>\n\t\t\t\t\t\t\t\t\t<span class=\"elementor-button-text\">Book gratis demo<\/span>\n\t\t\t\t\t<\/span>\n\t\t\t\t\t<\/a>\n\t\t\t\t<\/div>\n\t\t\t\t\t\t\t\t<\/div>\n\t\t\t\t<\/div>\n\t\t\t\t<\/div>\n\t\t\t\t<\/div>\n\t\t\t\t\t<\/div>\n\t\t\t\t<\/div>\n\t\t\t\t<\/div>","protected":false},"excerpt":{"rendered":"<p>Kundecases Se hvordan f\u00f8rende virksomheder har transformeret deres e-commerce og kundeservice med vores AI-l\u00f8sninger 500K+ Samtaler h\u00e5ndteret p\u00e5 tv\u00e6rs af Nordiske ecommerce kunder Op til 80% besparelser i kundeservice og minimum 33% blandt alle de cases, vi har data fra Op til 29% af vores kundedialog ender i check-out fordi kunderne f\u00e5r kompetente produktsvar Resultaterne [&hellip;]<\/p>","protected":false},"author":1,"featured_media":0,"parent":0,"menu_order":0,"comment_status":"closed","ping_status":"closed","template":"","meta":{"footnotes":""},"class_list":["post-5350","page","type-page","status-publish","hentry"],"_links":{"self":[{"href":"https:\/\/dialogintelligens.dk\/no\/wp-json\/wp\/v2\/pages\/5350","targetHints":{"allow":["GET"]}}],"collection":[{"href":"https:\/\/dialogintelligens.dk\/no\/wp-json\/wp\/v2\/pages"}],"about":[{"href":"https:\/\/dialogintelligens.dk\/no\/wp-json\/wp\/v2\/types\/page"}],"author":[{"embeddable":true,"href":"https:\/\/dialogintelligens.dk\/no\/wp-json\/wp\/v2\/users\/1"}],"replies":[{"embeddable":true,"href":"https:\/\/dialogintelligens.dk\/no\/wp-json\/wp\/v2\/comments?post=5350"}],"version-history":[{"count":532,"href":"https:\/\/dialogintelligens.dk\/no\/wp-json\/wp\/v2\/pages\/5350\/revisions"}],"predecessor-version":[{"id":10055,"href":"https:\/\/dialogintelligens.dk\/no\/wp-json\/wp\/v2\/pages\/5350\/revisions\/10055"}],"wp:attachment":[{"href":"https:\/\/dialogintelligens.dk\/no\/wp-json\/wp\/v2\/media?parent=5350"}],"curies":[{"name":"wp","href":"https:\/\/api.w.org\/{rel}","templated":true}]}}