{"id":10061,"date":"2025-12-26T08:13:15","date_gmt":"2025-12-26T08:13:15","guid":{"rendered":"https:\/\/dialogintelligens.dk\/?page_id=10061"},"modified":"2026-01-04T10:08:29","modified_gmt":"2026-01-04T10:08:29","slug":"prisestimat","status":"publish","type":"page","link":"https:\/\/dialogintelligens.dk\/no\/prisestimat\/","title":{"rendered":"prisestimat"},"content":{"rendered":"<div data-elementor-type=\"wp-page\" data-elementor-id=\"10061\" class=\"elementor elementor-10061\" data-elementor-post-type=\"page\">\n\t\t\t\t<div class=\"elementor-element elementor-element-e588ac7 e-flex e-con-boxed e-con e-parent\" data-id=\"e588ac7\" data-element_type=\"container\" data-settings=\"{&quot;background_background&quot;:&quot;classic&quot;}\">\n\t\t\t\t\t<div class=\"e-con-inner\">\n\t\t\t\t<div class=\"elementor-element elementor-element-d62c9f3 elementor-widget elementor-widget-heading\" data-id=\"d62c9f3\" data-element_type=\"widget\" data-widget_type=\"heading.default\">\n\t\t\t\t<div class=\"elementor-widget-container\">\n\t\t\t\t\t<h2 class=\"elementor-heading-title elementor-size-default\">F\u00e5 tilsendt et prisestimat<\/h2>\t\t\t\t<\/div>\n\t\t\t\t<\/div>\n\t\t\t\t<div class=\"elementor-element elementor-element-e9b1197 elementor-widget elementor-widget-text-editor\" data-id=\"e9b1197\" data-element_type=\"widget\" data-widget_type=\"text-editor.default\">\n\t\t\t\t<div class=\"elementor-widget-container\">\n\t\t\t\t\t\t\t\t\t<p style=\"text-align: center;\">Uanset om I er klar til at g\u00e5 live med en l\u00f8sning eller blot udforsker mulighederne, <br \/>s\u00e5 sender vi et uforpligtende udkast p\u00e5, hvad en l\u00f8sning hos jer koster.<\/p>\t\t\t\t\t\t\t\t<\/div>\n\t\t\t\t<\/div>\n\t\t\t\t<div class=\"elementor-element elementor-element-2dc8e49 elementor-button-align-center di-demo-form elementor-widget elementor-widget-form\" data-id=\"2dc8e49\" data-element_type=\"widget\" data-settings=\"{&quot;step_next_label&quot;:&quot;F\\u00e5 prisestimat&quot;,&quot;step_previous_label&quot;:&quot;Previous&quot;,&quot;step_type&quot;:&quot;number_text&quot;,&quot;step_icon_shape&quot;:&quot;circle&quot;}\" data-widget_type=\"form.default\">\n\t\t\t\t<div class=\"elementor-widget-container\">\n\t\t\t\t\t\t\t<form class=\"elementor-form\" method=\"post\" name=\"New Form\" aria-label=\"New Form\" action=\"\">\n\t\t\t<input type=\"hidden\" name=\"post_id\" value=\"10061\"\/>\n\t\t\t<input type=\"hidden\" name=\"form_id\" value=\"2dc8e49\"\/>\n\t\t\t<input type=\"hidden\" name=\"referer_title\" value=\"prisestimat - Dialogintelligens.dk\" \/>\n\n\t\t\t\t\t\t\t<input type=\"hidden\" name=\"queried_id\" value=\"10061\"\/>\n\t\t\t\n\t\t\t<div class=\"elementor-form-fields-wrapper elementor-labels-above\">\n\t\t\t\t\t\t\t\t<div class=\"elementor-field-type-text elementor-field-group elementor-column elementor-field-group-name elementor-col-75\">\n\t\t\t\t\t\t\t\t\t\t\t\t<label for=\"form-field-name\" class=\"elementor-field-label\">\n\t\t\t\t\t\t\t\tNavn\t\t\t\t\t\t\t<\/label>\n\t\t\t\t\t\t\t\t\t\t\t\t\t\t<input size=\"1\" type=\"text\" name=\"form_fields[name]\" id=\"form-field-name\" class=\"elementor-field elementor-size-sm  elementor-field-textual\" placeholder=\"Navn\">\n\t\t\t\t\t\t\t\t\t\t\t<\/div>\n\t\t\t\t\t\t\t\t<div class=\"elementor-field-type-text elementor-field-group elementor-column elementor-field-group-field_5678053 elementor-col-75\">\n\t\t\t\t\t\t\t\t\t\t\t\t<label for=\"form-field-field_5678053\" class=\"elementor-field-label\">\n\t\t\t\t\t\t\t\tEfternavn\t\t\t\t\t\t\t<\/label>\n\t\t\t\t\t\t\t\t\t\t\t\t\t\t<input size=\"1\" type=\"text\" name=\"form_fields[field_5678053]\" id=\"form-field-field_5678053\" class=\"elementor-field elementor-size-sm  elementor-field-textual\" placeholder=\"Efternavn\">\n\t\t\t\t\t\t\t\t\t\t\t<\/div>\n\t\t\t\t\t\t\t\t<div class=\"elementor-field-type-email elementor-field-group elementor-column elementor-field-group-email elementor-col-50 elementor-field-required\">\n\t\t\t\t\t\t\t\t\t\t\t\t<label for=\"form-field-email\" class=\"elementor-field-label\">\n\t\t\t\t\t\t\t\tE-mail\t\t\t\t\t\t\t<\/label>\n\t\t\t\t\t\t\t\t\t\t\t\t\t\t<input size=\"1\" type=\"email\" name=\"form_fields[email]\" id=\"form-field-email\" class=\"elementor-field elementor-size-sm  elementor-field-textual\" placeholder=\"xxx@company.com\" required=\"required\">\n\t\t\t\t\t\t\t\t\t\t\t<\/div>\n\t\t\t\t\t\t\t\t<div class=\"elementor-field-type-text elementor-field-group elementor-column elementor-field-group-field_983b31e elementor-col-50 elementor-field-required\">\n\t\t\t\t\t\t\t\t\t\t\t\t<label for=\"form-field-field_983b31e\" class=\"elementor-field-label\">\n\t\t\t\t\t\t\t\tWebsite URL\t\t\t\t\t\t\t<\/label>\n\t\t\t\t\t\t\t\t\t\t\t\t\t\t<input size=\"1\" type=\"text\" name=\"form_fields[field_983b31e]\" id=\"form-field-field_983b31e\" class=\"elementor-field elementor-size-sm  elementor-field-textual\" placeholder=\"website.com\" required=\"required\">\n\t\t\t\t\t\t\t\t\t\t\t<\/div>\n\t\t\t\t\t\t\t\t<div class=\"elementor-field-type-text elementor-field-group elementor-column elementor-field-group-field_e70ca30 elementor-col-50\">\n\t\t\t\t\t\t\t\t\t\t\t\t<label for=\"form-field-field_e70ca30\" class=\"elementor-field-label\">\n\t\t\t\t\t\t\t\tAntal SKU\u2019er\t\t\t\t\t\t\t<\/label>\n\t\t\t\t\t\t\t\t\t\t\t\t\t\t<input size=\"1\" type=\"text\" name=\"form_fields[field_e70ca30]\" id=\"form-field-field_e70ca30\" class=\"elementor-field elementor-size-sm  elementor-field-textual\" placeholder=\"Hj\u00e6lper os med at forst\u00e5 din case\">\n\t\t\t\t\t\t\t\t\t\t\t<\/div>\n\t\t\t\t\t\t\t\t<div class=\"elementor-field-type-text elementor-field-group elementor-column elementor-field-group-field_5c68184 elementor-col-50\">\n\t\t\t\t\t\t\t\t\t\t\t\t<label for=\"form-field-field_5c68184\" class=\"elementor-field-label\">\n\t\t\t\t\t\t\t\tGennemsnitlige bes\u00f8gende pr. m\u00e5ned\t\t\t\t\t\t\t<\/label>\n\t\t\t\t\t\t\t\t\t\t\t\t\t\t<input size=\"1\" type=\"text\" name=\"form_fields[field_5c68184]\" id=\"form-field-field_5c68184\" class=\"elementor-field elementor-size-sm  elementor-field-textual\" placeholder=\"Hj\u00e6lper os med at forst\u00e5 din case\">\n\t\t\t\t\t\t\t\t\t\t\t<\/div>\n\t\t\t\t\t\t\t\t<div class=\"elementor-field-type-textarea elementor-field-group elementor-column elementor-field-group-message elementor-col-100\">\n\t\t\t\t\t\t\t\t\t\t\t\t<label for=\"form-field-message\" class=\"elementor-field-label\">\n\t\t\t\t\t\t\t\tAndre kommentarer\t\t\t\t\t\t\t<\/label>\n\t\t\t\t\t\t<textarea class=\"elementor-field-textual elementor-field  elementor-size-sm\" name=\"form_fields[message]\" id=\"form-field-message\" rows=\"4\" placeholder=\"Fx jeres behov eller hvilke funktioner du er mest interesseret i\"><\/textarea>\t\t\t\t<\/div>\n\t\t\t\t\t\t\t\t<div class=\"elementor-field-group elementor-column elementor-field-type-submit elementor-col-100 e-form__buttons\">\n\t\t\t\t\t<button class=\"elementor-button elementor-size-sm\" type=\"submit\">\n\t\t\t\t\t\t<span class=\"elementor-button-content-wrapper\">\n\t\t\t\t\t\t\t\t\t\t\t\t\t\t\t<span class=\"elementor-button-icon\">\n\t\t\t\t\t\t\t\t\t<i aria-hidden=\"true\" class=\"far fa-arrow-alt-circle-right\"><\/i>\t\t\t\t\t\t\t\t\t\t\t\t\t\t\t\t\t<\/span>\n\t\t\t\t\t\t\t\t\t\t\t\t\t\t\t\t\t\t\t\t\t\t<span class=\"elementor-button-text\">F\u00e5 prisestimat<\/span>\n\t\t\t\t\t\t\t\t\t\t\t\t\t<\/span>\n\t\t\t\t\t<\/button>\n\t\t\t\t<\/div>\n\t\t\t<\/div>\n\t\t<input type=\"hidden\" name=\"trp-form-language\" value=\"no\"\/><\/form>\n\t\t\t\t\t\t<\/div>\n\t\t\t\t<\/div>\n\t\t\t\t\t<\/div>\n\t\t\t\t<\/div>\n\t\t\t\t<\/div>","protected":false},"excerpt":{"rendered":"<p>F\u00e5 tilsendt et prisestimat Uanset om I er klar til at g\u00e5 live med en l\u00f8sning eller blot udforsker mulighederne, s\u00e5 sender vi et uforpligtende udkast p\u00e5, hvad en l\u00f8sning hos jer koster.<\/p>","protected":false},"author":1,"featured_media":0,"parent":0,"menu_order":0,"comment_status":"closed","ping_status":"closed","template":"","meta":{"footnotes":""},"class_list":["post-10061","page","type-page","status-publish","hentry"],"_links":{"self":[{"href":"https:\/\/dialogintelligens.dk\/no\/wp-json\/wp\/v2\/pages\/10061","targetHints":{"allow":["GET"]}}],"collection":[{"href":"https:\/\/dialogintelligens.dk\/no\/wp-json\/wp\/v2\/pages"}],"about":[{"href":"https:\/\/dialogintelligens.dk\/no\/wp-json\/wp\/v2\/types\/page"}],"author":[{"embeddable":true,"href":"https:\/\/dialogintelligens.dk\/no\/wp-json\/wp\/v2\/users\/1"}],"replies":[{"embeddable":true,"href":"https:\/\/dialogintelligens.dk\/no\/wp-json\/wp\/v2\/comments?post=10061"}],"version-history":[{"count":23,"href":"https:\/\/dialogintelligens.dk\/no\/wp-json\/wp\/v2\/pages\/10061\/revisions"}],"predecessor-version":[{"id":10094,"href":"https:\/\/dialogintelligens.dk\/no\/wp-json\/wp\/v2\/pages\/10061\/revisions\/10094"}],"wp:attachment":[{"href":"https:\/\/dialogintelligens.dk\/no\/wp-json\/wp\/v2\/media?parent=10061"}],"curies":[{"name":"wp","href":"https:\/\/api.w.org\/{rel}","templated":true}]}}